{"id":774,"date":"2016-09-25T16:39:35","date_gmt":"2016-09-25T18:39:35","guid":{"rendered":"http:\/\/www.debbiesschool.com\/ca\/?page_id=774"},"modified":"2017-02-18T15:49:14","modified_gmt":"2017-02-18T17:49:14","slug":"infants","status":"publish","type":"page","link":"https:\/\/www.debbiesschool.com\/ca\/infants\/","title":{"rendered":"Infants"},"content":{"rendered":"<p>NENS PETITS DE 4 A 6 ANYS<\/p>\n<p>Fem classes amb nens a partir de 4 anys. Durant els primers dos anys, enfoquem en la comprensi\u00f3 oral i la parla aprofitant al m\u00e0xim aquesta capacitat incre\u00efble que tenen per absorbir-ho tot com esponges!<\/p>\n<p>Les classes s\u00f3n molt din\u00e0miques i molt divertides \u2013 fem competicions i jocs interactius, cantem, fem treballs en parelles, mirem videoclips i moltes altres activitats fant\u00e0stiques! Aprenem angl\u00e8s de manera natural i divertida \u2013 agafem el llenguatge i una bona pronunciaci\u00f3 molt r\u00e0pidament. Moltes vegades hem de corregir la pronunciaci\u00f3 dels nostres pares!!<\/p>\n<p>Tamb\u00e9 tenim un llibre molt entretingut per complementar amb totes les activitats esmentades.<\/p>\n<p>Les classes s\u00f3n dos dies a la setmana de una hora amb un m\u00e0xim de 12 estudiants.<\/p>\n<p><img loading=\"lazy\" decoding=\"async\" class=\"size-thumbnail wp-image-615 alignright\" src=\"http:\/\/www.debbiesschool.com\/wp-content\/uploads\/2016\/06\/IMG_9506-420x315.jpg\" alt=\"IMG_9506\" width=\"420\" height=\"315\" \/><\/p>\n","protected":false},"excerpt":{"rendered":"<p>NENS PETITS DE 4 A 6 ANYS Fem classes amb nens a partir de 4 anys. Durant els primers dos anys, enfoquem en la comprensi\u00f3 oral i la parla aprofitant al m\u00e0xim aquesta capacitat incre\u00efble que tenen per absorbir-ho tot com esponges! Les classes s\u00f3n molt din\u00e0miques i molt divertides \u2013 fem competicions i jocs [&hellip;]<\/p>\n","protected":false},"author":1,"featured_media":0,"parent":0,"menu_order":0,"comment_status":"closed","ping_status":"closed","template":"","meta":{"om_disable_all_campaigns":false,"_monsterinsights_skip_tracking":false,"_monsterinsights_sitenote_active":false,"_monsterinsights_sitenote_note":"","_monsterinsights_sitenote_category":0,"_uf_show_specific_survey":0,"_uf_disable_surveys":false,"ngg_post_thumbnail":0,"footnotes":""},"class_list":["post-774","page","type-page","status-publish","hentry"],"aioseo_notices":[],"_links":{"self":[{"href":"https:\/\/www.debbiesschool.com\/ca\/wp-json\/wp\/v2\/pages\/774","targetHints":{"allow":["GET"]}}],"collection":[{"href":"https:\/\/www.debbiesschool.com\/ca\/wp-json\/wp\/v2\/pages"}],"about":[{"href":"https:\/\/www.debbiesschool.com\/ca\/wp-json\/wp\/v2\/types\/page"}],"author":[{"embeddable":true,"href":"https:\/\/www.debbiesschool.com\/ca\/wp-json\/wp\/v2\/users\/1"}],"replies":[{"embeddable":true,"href":"https:\/\/www.debbiesschool.com\/ca\/wp-json\/wp\/v2\/comments?post=774"}],"version-history":[{"count":4,"href":"https:\/\/www.debbiesschool.com\/ca\/wp-json\/wp\/v2\/pages\/774\/revisions"}],"predecessor-version":[{"id":877,"href":"https:\/\/www.debbiesschool.com\/ca\/wp-json\/wp\/v2\/pages\/774\/revisions\/877"}],"wp:attachment":[{"href":"https:\/\/www.debbiesschool.com\/ca\/wp-json\/wp\/v2\/media?parent=774"}],"curies":[{"name":"wp","href":"https:\/\/api.w.org\/{rel}","templated":true}]}}