{"id":770,"date":"2016-09-25T16:33:43","date_gmt":"2016-09-25T18:33:43","guid":{"rendered":"http:\/\/www.debbiesschool.com\/ca\/?page_id=770"},"modified":"2016-09-25T16:33:43","modified_gmt":"2016-09-25T18:33:43","slug":"els-professors","status":"publish","type":"page","link":"https:\/\/www.debbiesschool.com\/ca\/els-professors\/","title":{"rendered":"Els professors"},"content":{"rendered":"<p>&nbsp;<\/p>\n<p>Debbie\u2019s School t\u00e9 un equip de quatre professors incloent la Debbie.<\/p>\n<p>Tots els professors estan escollits amb molta cura pels seus t\u00edtols, experi\u00e8ncia i inter\u00e8s sincer en l\u2019ensenyament. Sempre tenim professors nadius i cada professor porta el seu toc personal i experi\u00e8ncia a l\u2019escola.<\/p>\n<p>Fem tallers de formaci\u00f3 pels professors durant tot el curs on els professors poden desenvolupar-se professionalment i tamb\u00e9 oferir les seves contribucions.<\/p>\n","protected":false},"excerpt":{"rendered":"<p>&nbsp; Debbie\u2019s School t\u00e9 un equip de quatre professors incloent la Debbie. Tots els professors estan escollits amb molta cura pels seus t\u00edtols, experi\u00e8ncia i inter\u00e8s sincer en l\u2019ensenyament. Sempre tenim professors nadius i cada professor porta el seu toc personal i experi\u00e8ncia a l\u2019escola. Fem tallers de formaci\u00f3 pels professors durant tot el curs [&hellip;]<\/p>\n","protected":false},"author":1,"featured_media":0,"parent":0,"menu_order":0,"comment_status":"closed","ping_status":"closed","template":"","meta":{"om_disable_all_campaigns":false,"_monsterinsights_skip_tracking":false,"_monsterinsights_sitenote_active":false,"_monsterinsights_sitenote_note":"","_monsterinsights_sitenote_category":0,"_uf_show_specific_survey":0,"_uf_disable_surveys":false,"ngg_post_thumbnail":0,"footnotes":""},"class_list":["post-770","page","type-page","status-publish","hentry"],"aioseo_notices":[],"_links":{"self":[{"href":"https:\/\/www.debbiesschool.com\/ca\/wp-json\/wp\/v2\/pages\/770","targetHints":{"allow":["GET"]}}],"collection":[{"href":"https:\/\/www.debbiesschool.com\/ca\/wp-json\/wp\/v2\/pages"}],"about":[{"href":"https:\/\/www.debbiesschool.com\/ca\/wp-json\/wp\/v2\/types\/page"}],"author":[{"embeddable":true,"href":"https:\/\/www.debbiesschool.com\/ca\/wp-json\/wp\/v2\/users\/1"}],"replies":[{"embeddable":true,"href":"https:\/\/www.debbiesschool.com\/ca\/wp-json\/wp\/v2\/comments?post=770"}],"version-history":[{"count":1,"href":"https:\/\/www.debbiesschool.com\/ca\/wp-json\/wp\/v2\/pages\/770\/revisions"}],"predecessor-version":[{"id":771,"href":"https:\/\/www.debbiesschool.com\/ca\/wp-json\/wp\/v2\/pages\/770\/revisions\/771"}],"wp:attachment":[{"href":"https:\/\/www.debbiesschool.com\/ca\/wp-json\/wp\/v2\/media?parent=770"}],"curies":[{"name":"wp","href":"https:\/\/api.w.org\/{rel}","templated":true}]}}