{"id":762,"date":"2016-09-25T16:26:40","date_gmt":"2016-09-25T18:26:40","guid":{"rendered":"http:\/\/www.debbiesschool.com\/ca\/?page_id=762"},"modified":"2016-09-25T16:27:06","modified_gmt":"2016-09-25T18:27:06","slug":"subsidised-courses","status":"publish","type":"page","link":"https:\/\/www.debbiesschool.com\/ca\/subsidised-courses\/","title":{"rendered":"Cursos subvencionats"},"content":{"rendered":"<p><img loading=\"lazy\" decoding=\"async\" class=\"size-full wp-image-720 alignleft\" src=\"http:\/\/www.debbiesschool.com\/wp-content\/uploads\/2016\/06\/tripartita.png\" alt=\"tripartita\" width=\"300\" height=\"189\" \/><\/p>\n<p>&nbsp;<\/p>\n<p>&nbsp;<\/p>\n<p>&nbsp;<\/p>\n<p>&nbsp;<\/p>\n<p>BONIFICACI\u00d3 DE CURSOS<\/p>\n<p>El teu curs d&#8217;angl\u00e8s pot sortir gratu\u00eft!<\/p>\n<p>EL CR\u00c8DIT DE LA FUNDACI\u00d3 TRIPARTITA<\/p>\n<p>Les empreses espanyoles disposen d&#8217;un cr\u00e8dit per a la formaci\u00f3 dels seus treballadors que despr\u00e9s desgraven dels seus pagaments a la Seguretat Social. Es calcula i renova cada any aquest cr\u00e8dit. Si no es fa servir, es perd.<\/p>\n<p>QUIN \u00c9S EL CR\u00c8DIT?<\/p>\n<p>El cr\u00e8dit que t\u00e9 cada empresa varia per\u00f2 totes tenen un mimin per treballador.<\/p>\n<p>QU\u00c8 S&#8217;HA DE FER?<\/p>\n<p>Has de parlar amb el responsable de formaci\u00f3 de la teva empresa per saber si pots aprofitar el cr\u00e8dit.<\/p>\n<p>TRAMITEM TOTS ELS DOCUMENTS<\/p>\n<p>Debbie&#8217;s School realitzar\u00e0 totes les gestions necessaris per tal de bonificar els cursos.<\/p>\n<p>&nbsp;<\/p>\n","protected":false},"excerpt":{"rendered":"<p>&nbsp; &nbsp; &nbsp; &nbsp; BONIFICACI\u00d3 DE CURSOS El teu curs d&#8217;angl\u00e8s pot sortir gratu\u00eft! EL CR\u00c8DIT DE LA FUNDACI\u00d3 TRIPARTITA Les empreses espanyoles disposen d&#8217;un cr\u00e8dit per a la formaci\u00f3 dels seus treballadors que despr\u00e9s desgraven dels seus pagaments a la Seguretat Social. Es calcula i renova cada any aquest cr\u00e8dit. Si no es fa [&hellip;]<\/p>\n","protected":false},"author":1,"featured_media":0,"parent":0,"menu_order":0,"comment_status":"closed","ping_status":"closed","template":"","meta":{"om_disable_all_campaigns":false,"_monsterinsights_skip_tracking":false,"_monsterinsights_sitenote_active":false,"_monsterinsights_sitenote_note":"","_monsterinsights_sitenote_category":0,"_uf_show_specific_survey":0,"_uf_disable_surveys":false,"ngg_post_thumbnail":0,"footnotes":""},"class_list":["post-762","page","type-page","status-publish","hentry"],"aioseo_notices":[],"_links":{"self":[{"href":"https:\/\/www.debbiesschool.com\/ca\/wp-json\/wp\/v2\/pages\/762","targetHints":{"allow":["GET"]}}],"collection":[{"href":"https:\/\/www.debbiesschool.com\/ca\/wp-json\/wp\/v2\/pages"}],"about":[{"href":"https:\/\/www.debbiesschool.com\/ca\/wp-json\/wp\/v2\/types\/page"}],"author":[{"embeddable":true,"href":"https:\/\/www.debbiesschool.com\/ca\/wp-json\/wp\/v2\/users\/1"}],"replies":[{"embeddable":true,"href":"https:\/\/www.debbiesschool.com\/ca\/wp-json\/wp\/v2\/comments?post=762"}],"version-history":[{"count":2,"href":"https:\/\/www.debbiesschool.com\/ca\/wp-json\/wp\/v2\/pages\/762\/revisions"}],"predecessor-version":[{"id":764,"href":"https:\/\/www.debbiesschool.com\/ca\/wp-json\/wp\/v2\/pages\/762\/revisions\/764"}],"wp:attachment":[{"href":"https:\/\/www.debbiesschool.com\/ca\/wp-json\/wp\/v2\/media?parent=762"}],"curies":[{"name":"wp","href":"https:\/\/api.w.org\/{rel}","templated":true}]}}