{"id":746,"date":"2016-09-25T16:08:07","date_gmt":"2016-09-25T18:08:07","guid":{"rendered":"http:\/\/www.debbiesschool.com\/ca\/?page_id=746"},"modified":"2016-09-25T16:18:13","modified_gmt":"2016-09-25T18:18:13","slug":"examens-oficials","status":"publish","type":"page","link":"https:\/\/www.debbiesschool.com\/ca\/examens-oficials\/","title":{"rendered":"Examens oficials"},"content":{"rendered":"<p><img loading=\"lazy\" decoding=\"async\" class=\"size-thumbnail wp-image-667 alignleft\" src=\"http:\/\/www.debbiesschool.com\/wp-content\/uploads\/2016\/06\/cambridge-preparation-centre-420x100.jpg\" alt=\"PreparationCentreLogo_Horizontal\" width=\"420\" height=\"100\" srcset=\"https:\/\/www.debbiesschool.com\/wp-content\/uploads\/2016\/06\/cambridge-preparation-centre-420x100.jpg 420w, https:\/\/www.debbiesschool.com\/wp-content\/uploads\/2016\/06\/cambridge-preparation-centre-744x177.jpg 744w, https:\/\/www.debbiesschool.com\/wp-content\/uploads\/2016\/06\/cambridge-preparation-centre-1200x285.jpg 1200w, https:\/\/www.debbiesschool.com\/wp-content\/uploads\/2016\/06\/cambridge-preparation-centre-900x214.jpg 900w, https:\/\/www.debbiesschool.com\/wp-content\/uploads\/2016\/06\/cambridge-preparation-centre-1280x305.jpg 1280w\" sizes=\"auto, (max-width: 420px) 100vw, 420px\" \/><\/p>\n<p>&nbsp;<\/p>\n<p>&nbsp;<\/p>\n<p>&nbsp;<\/p>\n<p><iframe loading=\"lazy\" title=\"What is the CEFR?\" width=\"629\" height=\"354\" src=\"https:\/\/www.youtube.com\/embed\/UAehOcVfr3Y?feature=oembed\" frameborder=\"0\" allow=\"accelerometer; autoplay; clipboard-write; encrypted-media; gyroscope; picture-in-picture; web-share\" referrerpolicy=\"strict-origin-when-cross-origin\" allowfullscreen><\/iframe><\/p>\n<p>Debbie&#8217;s School \u00e9s un centre oficial per la preparaci\u00f3 d\u2019ex\u00e0mens oficials de Cambridge.<\/p>\n<p>CURSOS DISPONIBLES:<\/p>\n<p><strong>P.E.T.<\/strong> (nivell B1)<\/p>\n<p><strong>F.C.E.<\/strong> (nivell B2)\u00a0 \u00c9s l\u2019ex\u00e0men de Cambridge m\u00e9s reconegut. Sovint es demana aquest certificat per entrar a la universitat o per la feina.<\/p>\n<p><strong>C.A.E<\/strong> (nivell C1)\u00a0\u00a0 Moltes universitats en pa\u00efsos de parla anglesa consideren aquest certificat com a requisit m\u00ednim.<\/p>\n<p><u>ESTIGUIS BEN PREPARAT<\/u><\/p>\n<p>Les nostres classes preparen els estudiants meticulosament per tots els aspectes d\u2019aquests ex\u00e0mens. Al llarg del curs donem als estudiants ex\u00e0mens de practica per fer a casa. Llavors es corregeixen a classe amb el professor qui repassar\u00e0 qualsevol dubte o dificultat que han tingut els estudiants. Tamb\u00e9 donem classes gratu\u00eftes per practicar la part de la parla.<\/p>\n<p>Tenim molta experi\u00e8ncia preparant estudiants per aquests ex\u00e0mens i estem molt orgullosos de l&#8217;alt percentatge dels nostres estudiants que han aprovat aquests ex\u00e0mens durant tots aquests anys.<\/p>\n","protected":false},"excerpt":{"rendered":"<p>&nbsp; &nbsp; &nbsp; Debbie&#8217;s School \u00e9s un centre oficial per la preparaci\u00f3 d\u2019ex\u00e0mens oficials de Cambridge. CURSOS DISPONIBLES: P.E.T. (nivell B1) F.C.E. (nivell B2)\u00a0 \u00c9s l\u2019ex\u00e0men de Cambridge m\u00e9s reconegut. Sovint es demana aquest certificat per entrar a la universitat o per la feina. C.A.E (nivell C1)\u00a0\u00a0 Moltes universitats en pa\u00efsos de parla anglesa consideren [&hellip;]<\/p>\n","protected":false},"author":1,"featured_media":0,"parent":0,"menu_order":0,"comment_status":"closed","ping_status":"closed","template":"","meta":{"om_disable_all_campaigns":false,"_monsterinsights_skip_tracking":false,"_monsterinsights_sitenote_active":false,"_monsterinsights_sitenote_note":"","_monsterinsights_sitenote_category":0,"_uf_show_specific_survey":0,"_uf_disable_surveys":false,"ngg_post_thumbnail":0,"footnotes":""},"class_list":["post-746","page","type-page","status-publish","hentry"],"aioseo_notices":[],"_links":{"self":[{"href":"https:\/\/www.debbiesschool.com\/ca\/wp-json\/wp\/v2\/pages\/746","targetHints":{"allow":["GET"]}}],"collection":[{"href":"https:\/\/www.debbiesschool.com\/ca\/wp-json\/wp\/v2\/pages"}],"about":[{"href":"https:\/\/www.debbiesschool.com\/ca\/wp-json\/wp\/v2\/types\/page"}],"author":[{"embeddable":true,"href":"https:\/\/www.debbiesschool.com\/ca\/wp-json\/wp\/v2\/users\/1"}],"replies":[{"embeddable":true,"href":"https:\/\/www.debbiesschool.com\/ca\/wp-json\/wp\/v2\/comments?post=746"}],"version-history":[{"count":2,"href":"https:\/\/www.debbiesschool.com\/ca\/wp-json\/wp\/v2\/pages\/746\/revisions"}],"predecessor-version":[{"id":752,"href":"https:\/\/www.debbiesschool.com\/ca\/wp-json\/wp\/v2\/pages\/746\/revisions\/752"}],"wp:attachment":[{"href":"https:\/\/www.debbiesschool.com\/ca\/wp-json\/wp\/v2\/media?parent=746"}],"curies":[{"name":"wp","href":"https:\/\/api.w.org\/{rel}","templated":true}]}}