{"id":698,"date":"2016-06-05T15:21:05","date_gmt":"2016-06-05T17:21:05","guid":{"rendered":"http:\/\/www.debbiesschool.com\/ca\/courses\/"},"modified":"2016-09-25T15:59:37","modified_gmt":"2016-09-25T17:59:37","slug":"courses","status":"publish","type":"page","link":"https:\/\/www.debbiesschool.com\/ca\/courses\/","title":{"rendered":"Cursos"},"content":{"rendered":"<p>Cursos per a nens, adolescents i adults.<\/p>\n<p>Els cursos van de mig setembre fins finals de juny.<\/p>\n<p>Un m\u00e0xim de 12 estudiants per classe.<\/p>\n<p>Debbie&#8217;s School ofereix un ampli varietat de cursos generals d&#8217;angl\u00e8s, classes de comunicaci\u00f3, cursos especialitzats, classes de negocis a l&#8217;empresa, classes particulars i cursos de preparaci\u00f3 pels ex\u00e0mens de Cambridge.<\/p>\n<p><strong>Nom\u00e9s angl\u00e8s!\u00a0<\/strong>Tots els nostres cursos s&#8217;ensenyen totalment en angl\u00e8s i tamb\u00e9 insistim el m\u00e0xim en l&#8217;\u00fas d&#8217;angl\u00e8s a classe per tothom.<\/p>\n<p>Tots els estudiants que no s\u00f3n principiants faran una prova de nivell i entrevista amb la Debbie per decidir la millor opci\u00f3 disponible segons les necessitats de l&#8217;estudiant.<\/p>\n<p>Per informaci\u00f3 m\u00e9s detallada sobre nivells, grups, horaris i preus, vine a veure&#8217;ns!<\/p>\n","protected":false},"excerpt":{"rendered":"<p>Cursos per a nens, adolescents i adults. Els cursos van de mig setembre fins finals de juny. Un m\u00e0xim de 12 estudiants per classe. Debbie&#8217;s School ofereix un ampli varietat de cursos generals d&#8217;angl\u00e8s, classes de comunicaci\u00f3, cursos especialitzats, classes de negocis a l&#8217;empresa, classes particulars i cursos de preparaci\u00f3 pels ex\u00e0mens de Cambridge. Nom\u00e9s [&hellip;]<\/p>\n","protected":false},"author":1,"featured_media":0,"parent":0,"menu_order":0,"comment_status":"closed","ping_status":"closed","template":"","meta":{"om_disable_all_campaigns":false,"_monsterinsights_skip_tracking":false,"_monsterinsights_sitenote_active":false,"_monsterinsights_sitenote_note":"","_monsterinsights_sitenote_category":0,"_uf_show_specific_survey":0,"_uf_disable_surveys":false,"ngg_post_thumbnail":0,"footnotes":""},"class_list":["post-698","page","type-page","status-publish","hentry"],"aioseo_notices":[],"_links":{"self":[{"href":"https:\/\/www.debbiesschool.com\/ca\/wp-json\/wp\/v2\/pages\/698","targetHints":{"allow":["GET"]}}],"collection":[{"href":"https:\/\/www.debbiesschool.com\/ca\/wp-json\/wp\/v2\/pages"}],"about":[{"href":"https:\/\/www.debbiesschool.com\/ca\/wp-json\/wp\/v2\/types\/page"}],"author":[{"embeddable":true,"href":"https:\/\/www.debbiesschool.com\/ca\/wp-json\/wp\/v2\/users\/1"}],"replies":[{"embeddable":true,"href":"https:\/\/www.debbiesschool.com\/ca\/wp-json\/wp\/v2\/comments?post=698"}],"version-history":[{"count":6,"href":"https:\/\/www.debbiesschool.com\/ca\/wp-json\/wp\/v2\/pages\/698\/revisions"}],"predecessor-version":[{"id":738,"href":"https:\/\/www.debbiesschool.com\/ca\/wp-json\/wp\/v2\/pages\/698\/revisions\/738"}],"wp:attachment":[{"href":"https:\/\/www.debbiesschool.com\/ca\/wp-json\/wp\/v2\/media?parent=698"}],"curies":[{"name":"wp","href":"https:\/\/api.w.org\/{rel}","templated":true}]}}