{"id":691,"date":"2016-06-05T15:16:54","date_gmt":"2016-06-05T17:16:54","guid":{"rendered":"http:\/\/www.debbiesschool.com\/ca\/adults\/"},"modified":"2017-02-18T15:56:38","modified_gmt":"2017-02-18T17:56:38","slug":"adults","status":"publish","type":"page","link":"https:\/\/www.debbiesschool.com\/ca\/adults\/","title":{"rendered":"Adults"},"content":{"rendered":"<p>Perqu\u00e8 necessites l\u2019angl\u00e8s? Per la feina? Pels estudis? Per viatjar i con\u00e8ixer cultures diferents? Per entendre la lletra de les teves can\u00e7ons preferides? O simplement t\u2019agrada molt l\u2019angl\u00e8s i vols mantenir el teu nivell?<\/p>\n<p>Avui en dia, tothom necessita l\u2019angl\u00e8s \u2013 \u00e9s el millor passaport que mai podr\u00e0s tenir i pot representar la clau a l\u2019\u00e8xit en la teva vida.<\/p>\n<p>Sigui quina sigui la teva ra\u00f3 per estudiar angl\u00e8s, has vingut a l\u2019acad\u00e8mia d\u2019angl\u00e8s ideal. Debbie\u2019s School escull els seus professors amb molta cura tenint en compte les necessitats de tots els seus estudiants. Els nostres professors s\u00f3n tots nadius, titulats i amb molta experi\u00e8ncia. Nom\u00e9s fem servir l\u2019angl\u00e8s a classe.<\/p>\n<p>La nostra metodologia \u00e9s din\u00e0mica, comunicativa i interactiva. T\u2019ajudem a fer servir la gram\u00e0tica que aprens i a m\u00e9s a m\u00e9s t\u2019ajudem a perdre la por o vergonya de parlar angl\u00e8s.<\/p>\n<p>Fem servir molts recursos per complementar l\u2019aprenentatge incloent noves tecnologies. Els nostres professors fan servir tel\u00e8fons inteligents, tauletes, ordinadors \u00a0i televisi\u00f3 a la classe.<\/p>\n<p>Et preparem pels ex\u00e0mens oficials de Cambridge sent un centre oficial de preparaci\u00f3 de Cambridge.<\/p>\n<p>Tamb\u00e9 material suplementari per deixar-te per exemple dvds, llibres i revistes per ajudar-te a seguir millorant el teu angl\u00e8s fora de l\u2019escola.<\/p>\n<p><img loading=\"lazy\" decoding=\"async\" class=\"aligncenter wp-image-727\" src=\"http:\/\/www.debbiesschool.com\/wp-content\/uploads\/2016\/06\/dvds-420x560.jpg\" alt=\"dvds\" width=\"290\" height=\"384\" \/><\/p>\n","protected":false},"excerpt":{"rendered":"<p>Perqu\u00e8 necessites l\u2019angl\u00e8s? Per la feina? Pels estudis? Per viatjar i con\u00e8ixer cultures diferents? Per entendre la lletra de les teves can\u00e7ons preferides? O simplement t\u2019agrada molt l\u2019angl\u00e8s i vols mantenir el teu nivell? Avui en dia, tothom necessita l\u2019angl\u00e8s \u2013 \u00e9s el millor passaport que mai podr\u00e0s tenir i pot representar la clau a [&hellip;]<\/p>\n","protected":false},"author":1,"featured_media":0,"parent":0,"menu_order":0,"comment_status":"closed","ping_status":"closed","template":"","meta":{"om_disable_all_campaigns":false,"_monsterinsights_skip_tracking":false,"_monsterinsights_sitenote_active":false,"_monsterinsights_sitenote_note":"","_monsterinsights_sitenote_category":0,"_uf_show_specific_survey":0,"_uf_disable_surveys":false,"ngg_post_thumbnail":0,"footnotes":""},"class_list":["post-691","page","type-page","status-publish","hentry"],"aioseo_notices":[],"_links":{"self":[{"href":"https:\/\/www.debbiesschool.com\/ca\/wp-json\/wp\/v2\/pages\/691","targetHints":{"allow":["GET"]}}],"collection":[{"href":"https:\/\/www.debbiesschool.com\/ca\/wp-json\/wp\/v2\/pages"}],"about":[{"href":"https:\/\/www.debbiesschool.com\/ca\/wp-json\/wp\/v2\/types\/page"}],"author":[{"embeddable":true,"href":"https:\/\/www.debbiesschool.com\/ca\/wp-json\/wp\/v2\/users\/1"}],"replies":[{"embeddable":true,"href":"https:\/\/www.debbiesschool.com\/ca\/wp-json\/wp\/v2\/comments?post=691"}],"version-history":[{"count":6,"href":"https:\/\/www.debbiesschool.com\/ca\/wp-json\/wp\/v2\/pages\/691\/revisions"}],"predecessor-version":[{"id":880,"href":"https:\/\/www.debbiesschool.com\/ca\/wp-json\/wp\/v2\/pages\/691\/revisions\/880"}],"wp:attachment":[{"href":"https:\/\/www.debbiesschool.com\/ca\/wp-json\/wp\/v2\/media?parent=691"}],"curies":[{"name":"wp","href":"https:\/\/api.w.org\/{rel}","templated":true}]}}