{"id":503,"date":"2016-06-05T14:02:53","date_gmt":"2016-06-05T16:02:53","guid":{"rendered":"http:\/\/www.debbiesschool.com\/?page_id=503&#038;lang=ca"},"modified":"2018-08-26T09:46:51","modified_gmt":"2018-08-26T11:46:51","slug":"politica-de-privacitat","status":"publish","type":"page","link":"https:\/\/www.debbiesschool.com\/ca\/politica-de-privacitat\/","title":{"rendered":"Pol\u00edtica de privacitat"},"content":{"rendered":"<p><strong><u>Informaci\u00f3 detallada sobre Protecci\u00f3 de Dades.<\/u><\/strong><\/p>\n<p><strong>1.- Qui \u00e9s el Responsable del tractament de les seves dades?<\/strong><\/p>\n<p><strong><img loading=\"lazy\" decoding=\"async\" class=\"alignleft size-full wp-image-1085\" src=\"http:\/\/www.debbiesschool.com\/wp-content\/uploads\/2018\/08\/GDPR.png\" alt=\"\" width=\"634\" height=\"144\" srcset=\"https:\/\/www.debbiesschool.com\/wp-content\/uploads\/2018\/08\/GDPR.png 634w, https:\/\/www.debbiesschool.com\/wp-content\/uploads\/2018\/08\/GDPR-420x95.png 420w\" sizes=\"auto, (max-width: 634px) 100vw, 634px\" \/><\/strong><\/p>\n<p>&nbsp;<\/p>\n<p>&nbsp;<\/p>\n<p><strong>&nbsp;<\/strong><\/p>\n<p><strong>2.- Amb quina finalitat tractarem les seves dades personals?<\/strong><\/p>\n<p>&#8211; Respondre a les consultes i\/o sol\u00b7licituds d\u2019informaci\u00f3 transmeses per usuaris a trav\u00e9s del lloc web.&nbsp;<br \/>\n&#8211; Possibilitar l\u2019enviament de comunicacions vinculades a Debbie\u2019s School que entenem que s\u00f3n del seu inter\u00e8s.&nbsp;<br \/>\n&#8211; Estudiar la seva sol\u00b7licitud i perfil laboral per optar a ocupar una determinada posici\u00f3 a la nostra empresa.<\/p>\n<p><strong>&nbsp;<\/strong><\/p>\n<p><strong>3.- Durant quant de temps conservarem les seves dades?<\/strong><\/p>\n<p>Generalment, les dades proporcionades es conservaran mentre vost\u00e8 no en sol\u00b7liciti la supressi\u00f3.<\/p>\n<p>Excepte:<\/p>\n<p>&#8211; En el cas que les dades ja no siguin \u00fatils per al prop\u00f2sit que va motivar-ne la recollida.&nbsp;<br \/>\n&#8211; En el cas d\u2019enviament de curr\u00edculums, el termini de conservaci\u00f3 ser\u00e0 d\u2019un any.&nbsp;<br \/>\n&#8211; En el cas d\u2019informaci\u00f3 comptable\/fiscal, el temps que les normatives fiscals estableixin (4 anys).<\/p>\n<p><strong>&nbsp;<\/strong><\/p>\n<p><strong>4.- Quina \u00e9s la legitimaci\u00f3 per al tractament de les seves dades?<\/strong><\/p>\n<p>La base legal per al tractament de les seves dades es troba en el fet que l\u2019esmentat tractament resulta imprescindible per prestar-li els serveis contractats per vost\u00e8 o per respondre adequadament a una sol\u00b7licitud plantejada per part seva.<\/p>\n<p><strong>5.- A quins destinataris es comunicaran les seves dades?<\/strong><\/p>\n<p>No es preveu la comunicaci\u00f3 de les dades facilitades llevat de les requerides pels ex\u00e0mens oficials.<\/p>\n<p><strong>6.- Quins s\u00f3n els seus drets quan ens facilita les seves dades?<\/strong><\/p>\n<p>Sempre que sigui Debbie\u2019s School qui tracti les seves dades personals, vost\u00e8 t\u00e9 dret a sol\u00b7licitar:<\/p>\n<p><u>Acc\u00e9s<\/u>: La persona interessada tindr\u00e0 dret a obtenir del responsable del tractament la confirmaci\u00f3 de si s\u2019estan tractant o no les dades que li concerneixen, aix\u00ed com informaci\u00f3 detallada sobre determinats aspectes del tractament que s\u2019estigui duent a terme.<\/p>\n<p><u>Rectificaci\u00f3<\/u>: La persona interessada tindr\u00e0 dret a obtenir la rectificaci\u00f3 de les dades personals inexactes que li concerneixin o que es completin aquelles que fossin incompletes.<\/p>\n<p><u>Supressi\u00f3<\/u>: La persona interessada tindr\u00e0 dret a sol\u00b7licitar la supressi\u00f3 de les seves dades personals; en tots els casos, la supressi\u00f3 estar\u00e0 sotmesa als l\u00edmits establerts en la norma reguladora.<\/p>\n<p><u>Limitaci\u00f3 del seu tractament<\/u>: La persona interessada tindr\u00e0 dret a sol\u00b7licitar la limitaci\u00f3 del tractament de les seves dades de car\u00e0cter personal.<\/p>\n<p><u>Oposici\u00f3 al tractament<\/u>: En determinades circumst\u00e0ncies i per motius relacionats amb la seva situaci\u00f3 particular, les persones interessades podran oposar-se al tractament de les seves dades. Debbie\u2019s School deixar\u00e0 de tractar les seves dades, tret que sigui per motius leg\u00edtims, imperiosos, o per l\u2019exercici o la defensa de possibles reclamacions.<\/p>\n<p><u>Dret a la portabilitat de les seves dades<\/u>: \u00c9s a dir, tindr\u00e0 dret a rebre les dades personals que li incumbeixin, que hagi facilitat a un responsable de tractament, en un format estructurat, d\u2019\u00fas com\u00fa i lectura mec\u00e0nica, i a transmetre\u2019ls a un altre responsable de tractament.<\/p>\n<p>&nbsp;<\/p>\n","protected":false},"excerpt":{"rendered":"<p>Informaci\u00f3 detallada sobre Protecci\u00f3 de Dades. 1.- Qui \u00e9s el Responsable del tractament de les seves dades? &nbsp; &nbsp; &nbsp; 2.- Amb quina finalitat tractarem les seves dades personals? &#8211; Respondre a les consultes i\/o sol\u00b7licituds d\u2019informaci\u00f3 transmeses per usuaris a trav\u00e9s del lloc web.&nbsp; &#8211; Possibilitar l\u2019enviament de comunicacions vinculades a Debbie\u2019s School que [&hellip;]<\/p>\n","protected":false},"author":1,"featured_media":0,"parent":0,"menu_order":0,"comment_status":"closed","ping_status":"closed","template":"","meta":{"om_disable_all_campaigns":false,"_monsterinsights_skip_tracking":false,"_monsterinsights_sitenote_active":false,"_monsterinsights_sitenote_note":"","_monsterinsights_sitenote_category":0,"_uf_show_specific_survey":0,"_uf_disable_surveys":false,"ngg_post_thumbnail":0,"footnotes":""},"class_list":["post-503","page","type-page","status-publish","hentry"],"aioseo_notices":[],"_links":{"self":[{"href":"https:\/\/www.debbiesschool.com\/ca\/wp-json\/wp\/v2\/pages\/503","targetHints":{"allow":["GET"]}}],"collection":[{"href":"https:\/\/www.debbiesschool.com\/ca\/wp-json\/wp\/v2\/pages"}],"about":[{"href":"https:\/\/www.debbiesschool.com\/ca\/wp-json\/wp\/v2\/types\/page"}],"author":[{"embeddable":true,"href":"https:\/\/www.debbiesschool.com\/ca\/wp-json\/wp\/v2\/users\/1"}],"replies":[{"embeddable":true,"href":"https:\/\/www.debbiesschool.com\/ca\/wp-json\/wp\/v2\/comments?post=503"}],"version-history":[{"count":4,"href":"https:\/\/www.debbiesschool.com\/ca\/wp-json\/wp\/v2\/pages\/503\/revisions"}],"predecessor-version":[{"id":1087,"href":"https:\/\/www.debbiesschool.com\/ca\/wp-json\/wp\/v2\/pages\/503\/revisions\/1087"}],"wp:attachment":[{"href":"https:\/\/www.debbiesschool.com\/ca\/wp-json\/wp\/v2\/media?parent=503"}],"curies":[{"name":"wp","href":"https:\/\/api.w.org\/{rel}","templated":true}]}}