{"id":501,"date":"2016-06-05T13:48:20","date_gmt":"2016-06-05T15:48:20","guid":{"rendered":"http:\/\/www.debbiesschool.com\/?page_id=501&#038;lang=ca"},"modified":"2016-06-05T13:48:20","modified_gmt":"2016-06-05T15:48:20","slug":"politica-de-cookies","status":"publish","type":"page","link":"https:\/\/www.debbiesschool.com\/ca\/politica-de-cookies\/","title":{"rendered":"Pol\u00edtica de cookies"},"content":{"rendered":"<p>Una cookie \u00e9s un petit fitxer de text que s\u2019emmagatzema al seu navegador a l\u2019accedir a determinades p\u00e0gines web. S\u2019utilitzen perqu\u00e8 el web pugui recordar la seva visita quan torni a navegar per aquella p\u00e0gina. Les cookies solen emmagatzemar informaci\u00f3 de car\u00e0cter t\u00e8cnic, prefer\u00e8ncies personals, personalitzaci\u00f3 de continguts, estad\u00edstiques d\u2019\u00fas, enlla\u00e7os a xarxes socials, acc\u00e9s a comptes d\u2019usuari, entre d\u2019altres. L\u2019objectiu de la cookie \u00e9s adaptar el contingut del web al perfil i necessitats de l\u2019usuari. Sense cookies minvarien de manera notable els serveis oferts per qualsevol p\u00e0gina. <\/p>\n<p><strong>Cookies utilitzades en aquest lloc web<\/strong><\/p>\n<p>Segons les directrius de l\u2019Ag\u00e8ncia Espanyola de Protecci\u00f3 de Dades, detallem l\u2019\u00fas de cookies que fa aquesta web amb la finalitat d\u2019informar-lo de la manera m\u00e9s exacte possible.<\/p>\n<p>Aquest lloc web utilitza les <strong>cookies pr\u00f2pies<\/strong> seg\u00fcents:<\/p>\n<ul>\n<li><strong>PHPSESSID:<\/strong> cookie de sessi\u00f3 que cont\u00e9 l\u2019identificador de sessi\u00f3 \u00fanic del PHP<\/li>\n<li><strong>qtrans_cookie_test:<\/strong> cookie de sessi\u00f3 que comprova el llenguatge predeterminat<\/li>\n<\/ul>\n<p>Aquest lloc web utilitza les <strong>cookies de tercers <\/strong>seg\u00fcents:<\/p>\n<ul>\n<li><strong>__utma:<\/strong> cookie de Google Analytics que identifica usuaris i sessions, t\u00e9 una validesa de 2 anys.<\/li>\n<li><strong>_ga:<\/strong> cookie de Google Analytics que identifica usuaris, t\u00e9 una validesa de 2 anys.<\/li>\n<li><strong>_qca:<\/strong> cookie de Quantcast.com que analitza dades de navegabilitat (jetpack wp plugin).<\/li>\n<li><strong>cdp-cookies-plugin-wp:<\/strong> cookie que t\u00e9 l\u2019origen en la llei de cookies, desa l\u2019opci\u00f3 de guardar o no les cookies en el navegador de l\u2019usuari.<\/li>\n<\/ul>\n<p><strong>Desactivaci\u00f3 o eliminaci\u00f3 de cookies<\/strong><\/p>\n<p>En qualsevol moment podr\u00e0 exercir el seu dret a desactivar o eliminar les cookies d\u2019aquest lloc web. <\/p>\n<p><strong>Notes addicionals<\/strong><\/p>\n<ul>\n<li>Ni aquest web ni els seus representants legals es fan responsables del contingut i de la veracitat de les pol\u00edtiques de privacitat que puguin tenir els tercers esmentats en aquesta pol\u00edtica de cookies.<\/li>\n<li>Els navegadors web s\u00f3n les eines encarregades d\u2019emmagatzemar les cookies i des d\u2019aquest lloc vost\u00e8 pot exercir el seu dret a eliminar-les o desactivar-les. Ni aquest web ni els seus representants legals poden garantir la correcta o incorrecta manipulaci\u00f3 de les cookies per part dels esmentats navegadors.<\/li>\n<li>En alguns casos \u00e9s necessari instal\u00b7lar cookies perqu\u00e8 el navegador no oblidi la seva decisi\u00f3 de no acceptar-les.<\/li>\n<li>En el cas de les cookies de Google Analytics , aquesta empresa emmagatzema les cookies en els servidors situats als Estats Units i es compromet a no compartir-les amb tercers , excepte en els casos en qu\u00e8 sigui necessari per al funcionament del sistema o quan sigui obligatori per llei. Google no guarda la seva adre\u00e7a IP. Google Inc. \u00e9s una empresa adherida a l\u2019acord de port segur, que garanteix que totes les dades transferides es tractaran amb un nivell de protecci\u00f3 d\u2019acord amb la normativa europea. Podeu consultar-ne la informaci\u00f3 detallada en <a href=\"http:\/\/safeharbor.export.gov\/companyinfo.aspx?id=16626\" target=\"_blank\">aquest enlla\u00e7<\/a>. Si desitgeu informaci\u00f3 sobre l\u2019\u00fas que Google d\u00f3na a les cookies, li adjuntem <a href=\"https:\/\/developers.google.com\/analytics\/devguides\/collection\/analyticsjs\/cookie-usage?hl=es&amp;csw=1\" target=\"_blank\">aquest altre enlla\u00e7<\/a>.<\/li>\n<li>Per a qualsevol dubte o consulta sobre la pol\u00edtica de cookies no dubti a posar-se en contacte amb nosaltres.<\/li>\n<\/ul>\n","protected":false},"excerpt":{"rendered":"<p>Una cookie \u00e9s un petit fitxer de text que s\u2019emmagatzema al seu navegador a l\u2019accedir a determinades p\u00e0gines web. S\u2019utilitzen perqu\u00e8 el web pugui recordar la seva visita quan torni a navegar per aquella p\u00e0gina. Les cookies solen emmagatzemar informaci\u00f3 de car\u00e0cter t\u00e8cnic, prefer\u00e8ncies personals, personalitzaci\u00f3 de continguts, estad\u00edstiques d\u2019\u00fas, enlla\u00e7os a xarxes socials, acc\u00e9s [&hellip;]<\/p>\n","protected":false},"author":1,"featured_media":0,"parent":0,"menu_order":0,"comment_status":"closed","ping_status":"closed","template":"","meta":{"om_disable_all_campaigns":false,"_monsterinsights_skip_tracking":false,"_monsterinsights_sitenote_active":false,"_monsterinsights_sitenote_note":"","_monsterinsights_sitenote_category":0,"_uf_show_specific_survey":0,"_uf_disable_surveys":false,"ngg_post_thumbnail":0,"footnotes":""},"class_list":["post-501","page","type-page","status-publish","hentry"],"aioseo_notices":[],"_links":{"self":[{"href":"https:\/\/www.debbiesschool.com\/ca\/wp-json\/wp\/v2\/pages\/501","targetHints":{"allow":["GET"]}}],"collection":[{"href":"https:\/\/www.debbiesschool.com\/ca\/wp-json\/wp\/v2\/pages"}],"about":[{"href":"https:\/\/www.debbiesschool.com\/ca\/wp-json\/wp\/v2\/types\/page"}],"author":[{"embeddable":true,"href":"https:\/\/www.debbiesschool.com\/ca\/wp-json\/wp\/v2\/users\/1"}],"replies":[{"embeddable":true,"href":"https:\/\/www.debbiesschool.com\/ca\/wp-json\/wp\/v2\/comments?post=501"}],"version-history":[{"count":1,"href":"https:\/\/www.debbiesschool.com\/ca\/wp-json\/wp\/v2\/pages\/501\/revisions"}],"predecessor-version":[{"id":502,"href":"https:\/\/www.debbiesschool.com\/ca\/wp-json\/wp\/v2\/pages\/501\/revisions\/502"}],"wp:attachment":[{"href":"https:\/\/www.debbiesschool.com\/ca\/wp-json\/wp\/v2\/media?parent=501"}],"curies":[{"name":"wp","href":"https:\/\/api.w.org\/{rel}","templated":true}]}}