{"id":5,"date":"2009-02-19T21:12:23","date_gmt":"2009-02-19T21:12:23","guid":{"rendered":"http:\/\/www.debbiesschool.com\/?page_id=5"},"modified":"2017-05-09T21:01:04","modified_gmt":"2017-05-09T23:01:04","slug":"about","status":"publish","type":"page","link":"https:\/\/www.debbiesschool.com\/ca\/about\/","title":{"rendered":"Presentaci\u00f3"},"content":{"rendered":"<p>Debbie&#8217;s School \u00e9s una petita acad\u00e8mia d&#8217;angl\u00e8s situada al centre de Manlleu. Realitzem cursos d&#8217;angl\u00e8s general i tamb\u00e9 d&#8217;especialitzat per a tots els nivells des de 4 anys. Totes les classes s&#8217;imparteixen exclusivament en angl\u00e8s amb especials focalitzaci\u00f3 en la comunicaci\u00f3. Debbie&#8217;s School garanteix:<\/p>\n<ul>\n<li>Professors amb angl\u00e8s natiu, experi\u00e8ncia en l&#8217;ensenyament i altament qualificats<\/li>\n<li>Un entorn d&#8217;aprenentatge amigable i confortable<\/li>\n<li>Una amplia varietat de recursos per l&#8217;aprenentatge i el material usat a classe<\/li>\n<li>Contacte molt proper amb els estudiants i pares<\/li>\n<li>Informes regulars i personalitzats del progr\u00e9s dels infants i joves<\/li>\n<li>Pr\u00e9stec de pel\u00b7l\u00edcules, llibres i revistes als estudiants<\/li>\n<\/ul>\n","protected":false},"excerpt":{"rendered":"<p>Debbie&#8217;s School \u00e9s una petita acad\u00e8mia d&#8217;angl\u00e8s situada al centre de Manlleu. Realitzem cursos d&#8217;angl\u00e8s general i tamb\u00e9 d&#8217;especialitzat per a tots els nivells des de 4 anys. Totes les classes s&#8217;imparteixen exclusivament en angl\u00e8s amb especials focalitzaci\u00f3 en la comunicaci\u00f3. Debbie&#8217;s School garanteix: Professors amb angl\u00e8s natiu, experi\u00e8ncia en l&#8217;ensenyament i altament qualificats Un [&hellip;]<\/p>\n","protected":false},"author":1,"featured_media":0,"parent":0,"menu_order":1,"comment_status":"closed","ping_status":"closed","template":"","meta":{"om_disable_all_campaigns":false,"_monsterinsights_skip_tracking":false,"_monsterinsights_sitenote_active":false,"_monsterinsights_sitenote_note":"","_monsterinsights_sitenote_category":0,"_uf_show_specific_survey":0,"_uf_disable_surveys":false,"ngg_post_thumbnail":0,"footnotes":""},"class_list":["post-5","page","type-page","status-publish","hentry"],"aioseo_notices":[],"_links":{"self":[{"href":"https:\/\/www.debbiesschool.com\/ca\/wp-json\/wp\/v2\/pages\/5","targetHints":{"allow":["GET"]}}],"collection":[{"href":"https:\/\/www.debbiesschool.com\/ca\/wp-json\/wp\/v2\/pages"}],"about":[{"href":"https:\/\/www.debbiesschool.com\/ca\/wp-json\/wp\/v2\/types\/page"}],"author":[{"embeddable":true,"href":"https:\/\/www.debbiesschool.com\/ca\/wp-json\/wp\/v2\/users\/1"}],"replies":[{"embeddable":true,"href":"https:\/\/www.debbiesschool.com\/ca\/wp-json\/wp\/v2\/comments?post=5"}],"version-history":[{"count":10,"href":"https:\/\/www.debbiesschool.com\/ca\/wp-json\/wp\/v2\/pages\/5\/revisions"}],"predecessor-version":[{"id":509,"href":"https:\/\/www.debbiesschool.com\/ca\/wp-json\/wp\/v2\/pages\/5\/revisions\/509"}],"wp:attachment":[{"href":"https:\/\/www.debbiesschool.com\/ca\/wp-json\/wp\/v2\/media?parent=5"}],"curies":[{"name":"wp","href":"https:\/\/api.w.org\/{rel}","templated":true}]}}