{"id":466,"date":"2016-06-05T10:05:33","date_gmt":"2016-06-05T12:05:33","guid":{"rendered":"http:\/\/www.debbiesschool.com\/?page_id=466&#038;lang=ca"},"modified":"2016-06-05T10:05:33","modified_gmt":"2016-06-05T12:05:33","slug":"cursos","status":"publish","type":"page","link":"https:\/\/www.debbiesschool.com\/ca\/lescola\/cursos\/","title":{"rendered":"Cursos"},"content":{"rendered":"<p><span class=\"Estilo1\">Apart de cursos d&#8217;angl\u00e8s en general, l&#8217;escola tamb\u00e9 ofereix angl\u00e8s de negocis, comunicaci\u00f3 i classes particulars.<\/span><\/p>\n<p><span class=\"Estilo1\">Preparem els estudiants pels cursos seg\u00fcents <\/span><span class=\"Estilo1\">Cambridge English Language Examinations:<\/span><\/p>\n<table style=\"width: 254px; height: 163px;\" border=\"0\" cellspacing=\"0\" cellpadding=\"0\" width=\"254\">\n<tbody>\n<tr>\n<td width=\"580\" height=\"3\">\n<p class=\"text\"><a href=\"http:\/\/www.cambridgeesol.org\/spain\/exam_ket.htm\"><span style=\"color:#008000;font-size:medium;\">KET<\/span><\/a><br \/>\nKey English Test<\/p>\n<p class=\"text\"><a href=\"http:\/\/www.cambridgeesol.org\/spain\/exam_pet.htm\"><span style=\"color:#008000;font-size:medium;\">PET<\/span><\/a><br \/>\nPreliminary English Test<\/p>\n<p class=\"text\"><a href=\"http:\/\/www.cambridgeesol.org\/spain\/exam_fce.htm\"><span style=\"color:#008000;font-size:medium;\">FCE<\/span><\/a><br \/>\nFirst Certificate in English<\/p>\n<p class=\"text\"><a href=\"http:\/\/www.cambridgeesol.org\/spain\/exam_cae.htm\"><span style=\"color:#008000;font-size:medium;\">CAE<\/span><\/a><br \/>\nCertificate\u00a0in Advanced English<\/td>\n<\/tr>\n<\/tbody>\n<\/table>\n","protected":false},"excerpt":{"rendered":"<p>Apart de cursos d&#8217;angl\u00e8s en general, l&#8217;escola tamb\u00e9 ofereix angl\u00e8s de negocis, comunicaci\u00f3 i classes particulars. Preparem els estudiants pels cursos seg\u00fcents Cambridge English Language Examinations: KET Key English Test PET Preliminary English Test FCE First Certificate in English CAE Certificate\u00a0in Advanced English<\/p>\n","protected":false},"author":1,"featured_media":0,"parent":426,"menu_order":5,"comment_status":"closed","ping_status":"closed","template":"","meta":{"om_disable_all_campaigns":false,"_monsterinsights_skip_tracking":false,"_monsterinsights_sitenote_active":false,"_monsterinsights_sitenote_note":"","_monsterinsights_sitenote_category":0,"_uf_show_specific_survey":0,"_uf_disable_surveys":false,"ngg_post_thumbnail":0,"footnotes":""},"class_list":["post-466","page","type-page","status-publish","hentry"],"aioseo_notices":[],"_links":{"self":[{"href":"https:\/\/www.debbiesschool.com\/ca\/wp-json\/wp\/v2\/pages\/466","targetHints":{"allow":["GET"]}}],"collection":[{"href":"https:\/\/www.debbiesschool.com\/ca\/wp-json\/wp\/v2\/pages"}],"about":[{"href":"https:\/\/www.debbiesschool.com\/ca\/wp-json\/wp\/v2\/types\/page"}],"author":[{"embeddable":true,"href":"https:\/\/www.debbiesschool.com\/ca\/wp-json\/wp\/v2\/users\/1"}],"replies":[{"embeddable":true,"href":"https:\/\/www.debbiesschool.com\/ca\/wp-json\/wp\/v2\/comments?post=466"}],"version-history":[{"count":1,"href":"https:\/\/www.debbiesschool.com\/ca\/wp-json\/wp\/v2\/pages\/466\/revisions"}],"predecessor-version":[{"id":467,"href":"https:\/\/www.debbiesschool.com\/ca\/wp-json\/wp\/v2\/pages\/466\/revisions\/467"}],"up":[{"embeddable":true,"href":"https:\/\/www.debbiesschool.com\/ca\/wp-json\/wp\/v2\/pages\/426"}],"wp:attachment":[{"href":"https:\/\/www.debbiesschool.com\/ca\/wp-json\/wp\/v2\/media?parent=466"}],"curies":[{"name":"wp","href":"https:\/\/api.w.org\/{rel}","templated":true}]}}