{"id":1198,"date":"2020-07-26T15:50:49","date_gmt":"2020-07-26T17:50:49","guid":{"rendered":"http:\/\/www.debbiesschool.com\/?page_id=1198"},"modified":"2020-07-26T15:55:19","modified_gmt":"2020-07-26T17:55:19","slug":"comunicacio","status":"publish","type":"page","link":"https:\/\/www.debbiesschool.com\/ca\/comunicacio\/","title":{"rendered":"Comunicaci\u00f3"},"content":{"rendered":"\n<p><em>Vols millorar les t\u00e8cniques de parlar i entendre? <\/em> Aquests cursos estan dissenyats per ajudar-te a guanyar confian\u00e7a i millorar les t\u00e8cniques de la parla i la comprensi\u00f3.&nbsp;<\/p>\n","protected":false},"excerpt":{"rendered":"<p>Vols millorar les t\u00e8cniques de parlar i entendre? Aquests cursos estan dissenyats per ajudar-te a guanyar confian\u00e7a i millorar les t\u00e8cniques de la parla i la comprensi\u00f3.&nbsp;<\/p>\n","protected":false},"author":6,"featured_media":1195,"parent":0,"menu_order":0,"comment_status":"closed","ping_status":"closed","template":"","meta":{"om_disable_all_campaigns":false,"_monsterinsights_skip_tracking":false,"_monsterinsights_sitenote_active":false,"_monsterinsights_sitenote_note":"","_monsterinsights_sitenote_category":0,"_uf_show_specific_survey":0,"_uf_disable_surveys":false,"ngg_post_thumbnail":0,"footnotes":""},"class_list":["post-1198","page","type-page","status-publish","has-post-thumbnail","hentry"],"aioseo_notices":[],"_links":{"self":[{"href":"https:\/\/www.debbiesschool.com\/ca\/wp-json\/wp\/v2\/pages\/1198","targetHints":{"allow":["GET"]}}],"collection":[{"href":"https:\/\/www.debbiesschool.com\/ca\/wp-json\/wp\/v2\/pages"}],"about":[{"href":"https:\/\/www.debbiesschool.com\/ca\/wp-json\/wp\/v2\/types\/page"}],"author":[{"embeddable":true,"href":"https:\/\/www.debbiesschool.com\/ca\/wp-json\/wp\/v2\/users\/6"}],"replies":[{"embeddable":true,"href":"https:\/\/www.debbiesschool.com\/ca\/wp-json\/wp\/v2\/comments?post=1198"}],"version-history":[{"count":2,"href":"https:\/\/www.debbiesschool.com\/ca\/wp-json\/wp\/v2\/pages\/1198\/revisions"}],"predecessor-version":[{"id":1205,"href":"https:\/\/www.debbiesschool.com\/ca\/wp-json\/wp\/v2\/pages\/1198\/revisions\/1205"}],"wp:featuredmedia":[{"embeddable":true,"href":"https:\/\/www.debbiesschool.com\/ca\/wp-json\/wp\/v2\/media\/1195"}],"wp:attachment":[{"href":"https:\/\/www.debbiesschool.com\/ca\/wp-json\/wp\/v2\/media?parent=1198"}],"curies":[{"name":"wp","href":"https:\/\/api.w.org\/{rel}","templated":true}]}}