{"id":1192,"date":"2020-07-26T15:43:41","date_gmt":"2020-07-26T17:43:41","guid":{"rendered":"http:\/\/www.debbiesschool.com\/?page_id=1192"},"modified":"2020-07-27T19:33:34","modified_gmt":"2020-07-27T21:33:34","slug":"angles-general","status":"publish","type":"page","link":"https:\/\/www.debbiesschool.com\/ca\/angles-general\/","title":{"rendered":"Angl\u00e8s general"},"content":{"rendered":"\n<p><em>Vols aprendre o millorar el teu nivell d&#8217;angl\u00e8s general?<\/em>\u00a0Aquest cursos s\u00f3n una combinaci\u00f3 de cursos amb llibre i pr\u00e0ctiques de comunicaci\u00f3. Posa en pr\u00e0ctica la teva gram\u00e0tica i vocabulari que aprens.<\/p>\n","protected":false},"excerpt":{"rendered":"<p>Vols aprendre o millorar el teu nivell d&#8217;angl\u00e8s general?\u00a0Aquest cursos s\u00f3n una combinaci\u00f3 de cursos amb llibre i pr\u00e0ctiques de comunicaci\u00f3. Posa en pr\u00e0ctica la teva gram\u00e0tica i vocabulari que aprens.<\/p>\n","protected":false},"author":6,"featured_media":1219,"parent":0,"menu_order":0,"comment_status":"closed","ping_status":"closed","template":"","meta":{"om_disable_all_campaigns":false,"_monsterinsights_skip_tracking":false,"_monsterinsights_sitenote_active":false,"_monsterinsights_sitenote_note":"","_monsterinsights_sitenote_category":0,"_uf_show_specific_survey":0,"_uf_disable_surveys":false,"ngg_post_thumbnail":0,"footnotes":""},"class_list":["post-1192","page","type-page","status-publish","has-post-thumbnail","hentry"],"aioseo_notices":[],"_links":{"self":[{"href":"https:\/\/www.debbiesschool.com\/ca\/wp-json\/wp\/v2\/pages\/1192","targetHints":{"allow":["GET"]}}],"collection":[{"href":"https:\/\/www.debbiesschool.com\/ca\/wp-json\/wp\/v2\/pages"}],"about":[{"href":"https:\/\/www.debbiesschool.com\/ca\/wp-json\/wp\/v2\/types\/page"}],"author":[{"embeddable":true,"href":"https:\/\/www.debbiesschool.com\/ca\/wp-json\/wp\/v2\/users\/6"}],"replies":[{"embeddable":true,"href":"https:\/\/www.debbiesschool.com\/ca\/wp-json\/wp\/v2\/comments?post=1192"}],"version-history":[{"count":3,"href":"https:\/\/www.debbiesschool.com\/ca\/wp-json\/wp\/v2\/pages\/1192\/revisions"}],"predecessor-version":[{"id":1222,"href":"https:\/\/www.debbiesschool.com\/ca\/wp-json\/wp\/v2\/pages\/1192\/revisions\/1222"}],"wp:featuredmedia":[{"embeddable":true,"href":"https:\/\/www.debbiesschool.com\/ca\/wp-json\/wp\/v2\/media\/1219"}],"wp:attachment":[{"href":"https:\/\/www.debbiesschool.com\/ca\/wp-json\/wp\/v2\/media?parent=1192"}],"curies":[{"name":"wp","href":"https:\/\/api.w.org\/{rel}","templated":true}]}}