{"id":1185,"date":"2020-07-26T10:01:01","date_gmt":"2020-07-26T12:01:01","guid":{"rendered":"http:\/\/www.debbiesschool.com\/?page_id=1185"},"modified":"2020-07-27T19:36:10","modified_gmt":"2020-07-27T21:36:10","slug":"novetat-cursos-online","status":"publish","type":"page","link":"https:\/\/www.debbiesschool.com\/ca\/novetat-cursos-online\/","title":{"rendered":"Novetat!! Cursos online"},"content":{"rendered":"\n<p>A partir del Setembre de 2020, oferim cursos d&#8217;angl\u00e8s online a banda de les nostres tradicionals classes presencials.\u00a0<\/p>\n\n\n\n<p>Aquests cursos estan dissenyats per a persones que:<\/p>\n\n\n\n<ul class=\"wp-block-list\"><li>no disposen de temps per assistir a classes presencials.<\/li><\/ul>\n\n\n\n<ul class=\"wp-block-list\"><li>necessiten preparar-se per alg\u00fan tema espec\u00edfic. (p.e. presentations de negocis, webinar, confer\u00e8ncies, etc)<\/li><\/ul>\n\n\n\n<ul class=\"wp-block-list\"><li>es volen preparar per a ex\u00e0mens oficials. (Cambridge FCE &amp; CAE)<\/li><\/ul>\n\n\n\n<ul class=\"wp-block-list\"><li>volen cursos m\u00e9s personalitzats.<\/li><\/ul>\n\n\n\n<ul class=\"wp-block-list\"><li>volen m\u00e9s flexibilitat hor\u00e0ria.<\/li><\/ul>\n\n\n\n<ul class=\"wp-block-list\"><li>volen estalviar temps i diners en despla\u00e7aments.<\/li><\/ul>\n","protected":false},"excerpt":{"rendered":"<p>A partir del Setembre de 2020, oferim cursos d&#8217;angl\u00e8s online a banda de les nostres tradicionals classes presencials.\u00a0 Aquests cursos estan dissenyats per a persones que: no disposen de temps per assistir a classes presencials. necessiten preparar-se per alg\u00fan tema espec\u00edfic. (p.e. presentations de negocis, webinar, confer\u00e8ncies, etc) es volen preparar per a ex\u00e0mens oficials. [&hellip;]<\/p>\n","protected":false},"author":6,"featured_media":1177,"parent":0,"menu_order":0,"comment_status":"closed","ping_status":"closed","template":"","meta":{"om_disable_all_campaigns":false,"_monsterinsights_skip_tracking":false,"_monsterinsights_sitenote_active":false,"_monsterinsights_sitenote_note":"","_monsterinsights_sitenote_category":0,"_uf_show_specific_survey":0,"_uf_disable_surveys":false,"ngg_post_thumbnail":0,"footnotes":""},"class_list":["post-1185","page","type-page","status-publish","has-post-thumbnail","hentry"],"aioseo_notices":[],"_links":{"self":[{"href":"https:\/\/www.debbiesschool.com\/ca\/wp-json\/wp\/v2\/pages\/1185","targetHints":{"allow":["GET"]}}],"collection":[{"href":"https:\/\/www.debbiesschool.com\/ca\/wp-json\/wp\/v2\/pages"}],"about":[{"href":"https:\/\/www.debbiesschool.com\/ca\/wp-json\/wp\/v2\/types\/page"}],"author":[{"embeddable":true,"href":"https:\/\/www.debbiesschool.com\/ca\/wp-json\/wp\/v2\/users\/6"}],"replies":[{"embeddable":true,"href":"https:\/\/www.debbiesschool.com\/ca\/wp-json\/wp\/v2\/comments?post=1185"}],"version-history":[{"count":3,"href":"https:\/\/www.debbiesschool.com\/ca\/wp-json\/wp\/v2\/pages\/1185\/revisions"}],"predecessor-version":[{"id":1224,"href":"https:\/\/www.debbiesschool.com\/ca\/wp-json\/wp\/v2\/pages\/1185\/revisions\/1224"}],"wp:featuredmedia":[{"embeddable":true,"href":"https:\/\/www.debbiesschool.com\/ca\/wp-json\/wp\/v2\/media\/1177"}],"wp:attachment":[{"href":"https:\/\/www.debbiesschool.com\/ca\/wp-json\/wp\/v2\/media?parent=1185"}],"curies":[{"name":"wp","href":"https:\/\/api.w.org\/{rel}","templated":true}]}}